{"id":31,"date":"2026-01-01T21:16:08","date_gmt":"2026-01-01T21:16:08","guid":{"rendered":"https:\/\/lumikki.fr\/?page_id=31"},"modified":"2026-01-17T09:22:54","modified_gmt":"2026-01-17T09:22:54","slug":"a-propos","status":"publish","type":"page","link":"https:\/\/lumikki.fr\/index.php\/a-propos\/","title":{"rendered":"\u00c0 propos"},"content":{"rendered":"\n<div class=\"wp-block-group is-content-justification-left is-nowrap is-layout-flex wp-container-core-group-is-layout-f56a869c wp-block-group-is-layout-flex\">\n<figure class=\"wp-block-image size-full is-style-default wp-duotone-unset-1\"><img loading=\"lazy\" decoding=\"async\" width=\"807\" height=\"807\" src=\"https:\/\/lumikki.fr\/wp-content\/uploads\/2026\/01\/lumi-poullaouec-1.jpg\" alt=\"Portrait de Lumi Poullaouec\" class=\"wp-image-33\" style=\"aspect-ratio:1;object-fit:cover\" srcset=\"https:\/\/lumikki.fr\/wp-content\/uploads\/2026\/01\/lumi-poullaouec-1.jpg 807w, https:\/\/lumikki.fr\/wp-content\/uploads\/2026\/01\/lumi-poullaouec-1-300x300.jpg 300w, https:\/\/lumikki.fr\/wp-content\/uploads\/2026\/01\/lumi-poullaouec-1-150x150.jpg 150w, https:\/\/lumikki.fr\/wp-content\/uploads\/2026\/01\/lumi-poullaouec-1-768x768.jpg 768w\" sizes=\"auto, (max-width: 807px) 100vw, 807px\" \/><\/figure>\n\n\n\n<p>Je travaille entre image et texte, \u00e0 la crois\u00e9e de la communication et de la cr\u00e9ation graphique.<br><br>Apr\u00e8s plus de 20 ans d\u2019exp\u00e9rience dans la presse, l\u2019\u00e9dition et la communication, j\u2019ai men\u00e9 des projets dans des secteurs vari\u00e9s : jeunesse, g\u00e9opolitique, tourisme, sant\u00e9\u2026 Aujourd\u2019hui, je suis charg\u00e9e de communication et de cr\u00e9ation graphique \u00e0 la mairie de Croissy-Beaubourg.<br><br>Parall\u00e8lement \u00e0 mes projets professionnels, je d\u00e9veloppe un travail personnel autour de la photographie, du dessin et de l\u2019\u00e9criture. J\u2019y explore les formes, les images et les mots, entre observation, collecte et exp\u00e9rimentation.<br><br>Ce site est un espace de travail et de recherche : on y trouve des projets, des essais, des images, parfois aboutis, parfois en cours, qui font dialoguer mes pratiques professionnelles et personnelles.<\/p>\n<\/div>\n\n\n\n<p><\/p>\n\n\n\n<p><\/p>\n","protected":false},"excerpt":{"rendered":"<p>Je travaille entre image et texte, \u00e0 la crois\u00e9e de la communication et de la cr\u00e9ation graphique. Apr\u00e8s plus de 20 ans d\u2019exp\u00e9rience dans la presse, l\u2019\u00e9dition et la communication, j\u2019ai men\u00e9 des projets dans des secteurs vari\u00e9s : jeunesse, g\u00e9opolitique, tourisme, sant\u00e9\u2026 Aujourd\u2019hui, je suis charg\u00e9e de communication et de cr\u00e9ation graphique \u00e0 la mairie de Croissy-Beaubourg. Parall\u00e8lement \u00e0 mes projets professionnels, je d\u00e9veloppe un travail personnel autour de la photographie, du dessin et de l\u2019\u00e9criture. J\u2019y explore les formes, les images et les mots, entre observation, collecte et exp\u00e9rimentation. Ce site est un espace de travail et de recherche : on y trouve des projets, des essais, des images, parfois aboutis, parfois en cours, qui font dialoguer mes pratiques professionnelles et personnelles.<\/p>\n","protected":false},"author":1,"featured_media":0,"parent":0,"menu_order":0,"comment_status":"closed","ping_status":"closed","template":"","meta":{"footnotes":""},"class_list":["post-31","page","type-page","status-publish","hentry"],"_links":{"self":[{"href":"https:\/\/lumikki.fr\/index.php\/wp-json\/wp\/v2\/pages\/31","targetHints":{"allow":["GET"]}}],"collection":[{"href":"https:\/\/lumikki.fr\/index.php\/wp-json\/wp\/v2\/pages"}],"about":[{"href":"https:\/\/lumikki.fr\/index.php\/wp-json\/wp\/v2\/types\/page"}],"author":[{"embeddable":true,"href":"https:\/\/lumikki.fr\/index.php\/wp-json\/wp\/v2\/users\/1"}],"replies":[{"embeddable":true,"href":"https:\/\/lumikki.fr\/index.php\/wp-json\/wp\/v2\/comments?post=31"}],"version-history":[{"count":6,"href":"https:\/\/lumikki.fr\/index.php\/wp-json\/wp\/v2\/pages\/31\/revisions"}],"predecessor-version":[{"id":523,"href":"https:\/\/lumikki.fr\/index.php\/wp-json\/wp\/v2\/pages\/31\/revisions\/523"}],"wp:attachment":[{"href":"https:\/\/lumikki.fr\/index.php\/wp-json\/wp\/v2\/media?parent=31"}],"curies":[{"name":"wp","href":"https:\/\/api.w.org\/{rel}","templated":true}]}}